{"id":14,"date":"2023-06-24T01:48:13","date_gmt":"2023-06-23T23:48:13","guid":{"rendered":"https:\/\/cercledescrimetulle.fr\/?page_id=14"},"modified":"2023-09-20T13:07:25","modified_gmt":"2023-09-20T11:07:25","slug":"contact","status":"publish","type":"page","link":"https:\/\/cercledescrimetulle.fr\/index.php\/contact\/","title":{"rendered":"Contact"},"content":{"rendered":"\n<p>COORDONN\u00c9ES DU CLUB<\/p>\n\n\n\n<p>CERCLE D&rsquo;ESCRIME DE TULLE  36 avenue Alsace Lorraine CCS 19000 Tulle<\/p>\n\n\n\n<p>Vasilia Marthon : pr\u00e9sidente du club 06-89-38-37-43<\/p>\n\n\n\n<p>Romuald Marthon : \u00e9ducateur 06-84-72-24-87<\/p>\n\n\n\n<p>Mail: tullescrime@hotmail.fr<\/p>\n","protected":false},"excerpt":{"rendered":"<p>COORDONN\u00c9ES DU CLUB CERCLE D&rsquo;ESCRIME DE TULLE 36 avenue Alsace Lorraine CCS 19000 Tulle Vasilia Marthon : pr\u00e9sidente du club 06-89-38-37-43 Romuald Marthon : \u00e9ducateur 06-84-72-24-87 Mail: tullescrime@hotmail.fr<\/p>\n","protected":false},"author":2,"featured_media":0,"parent":0,"menu_order":0,"comment_status":"closed","ping_status":"closed","template":"","meta":{"footnotes":""},"class_list":["post-14","page","type-page","status-publish","hentry"],"_links":{"self":[{"href":"https:\/\/cercledescrimetulle.fr\/index.php\/wp-json\/wp\/v2\/pages\/14","targetHints":{"allow":["GET"]}}],"collection":[{"href":"https:\/\/cercledescrimetulle.fr\/index.php\/wp-json\/wp\/v2\/pages"}],"about":[{"href":"https:\/\/cercledescrimetulle.fr\/index.php\/wp-json\/wp\/v2\/types\/page"}],"author":[{"embeddable":true,"href":"https:\/\/cercledescrimetulle.fr\/index.php\/wp-json\/wp\/v2\/users\/2"}],"replies":[{"embeddable":true,"href":"https:\/\/cercledescrimetulle.fr\/index.php\/wp-json\/wp\/v2\/comments?post=14"}],"version-history":[{"count":3,"href":"https:\/\/cercledescrimetulle.fr\/index.php\/wp-json\/wp\/v2\/pages\/14\/revisions"}],"predecessor-version":[{"id":37,"href":"https:\/\/cercledescrimetulle.fr\/index.php\/wp-json\/wp\/v2\/pages\/14\/revisions\/37"}],"wp:attachment":[{"href":"https:\/\/cercledescrimetulle.fr\/index.php\/wp-json\/wp\/v2\/media?parent=14"}],"curies":[{"name":"wp","href":"https:\/\/api.w.org\/{rel}","templated":true}]}}