{"id":12,"date":"2023-06-24T01:47:49","date_gmt":"2023-06-23T23:47:49","guid":{"rendered":"https:\/\/cercledescrimetulle.fr\/?page_id=12"},"modified":"2023-09-20T13:27:02","modified_gmt":"2023-09-20T11:27:02","slug":"inscriptions","status":"publish","type":"page","link":"https:\/\/cercledescrimetulle.fr\/index.php\/inscriptions\/","title":{"rendered":"Inscriptions"},"content":{"rendered":"\n<p>\u00c0 Tulle, les jeunes peuvent apprendre le sabre et les adultes peuvent pratiquer l&rsquo;\u00e9p\u00e9e.<\/p>\n\n\n\n<h2 class=\"wp-block-heading\">FICHE D&rsquo;INSCRIPTION<\/h2>\n\n\n\n<figure class=\"wp-block-gallery has-nested-images columns-default is-cropped wp-block-gallery-1 is-layout-flex wp-block-gallery-is-layout-flex\">\n<figure class=\"wp-block-image size-large\"><img loading=\"lazy\" decoding=\"async\" width=\"724\" height=\"1024\" data-id=\"49\" src=\"https:\/\/cercledescrimetulle.fr\/wp-content\/uploads\/2023\/09\/cercle-escrime-tulle-inscription1-1-724x1024.jpg\" alt=\"\" class=\"wp-image-49\" srcset=\"https:\/\/cercledescrimetulle.fr\/wp-content\/uploads\/2023\/09\/cercle-escrime-tulle-inscription1-1-724x1024.jpg 724w, https:\/\/cercledescrimetulle.fr\/wp-content\/uploads\/2023\/09\/cercle-escrime-tulle-inscription1-1-212x300.jpg 212w, https:\/\/cercledescrimetulle.fr\/wp-content\/uploads\/2023\/09\/cercle-escrime-tulle-inscription1-1-768x1086.jpg 768w, https:\/\/cercledescrimetulle.fr\/wp-content\/uploads\/2023\/09\/cercle-escrime-tulle-inscription1-1-1086x1536.jpg 1086w, https:\/\/cercledescrimetulle.fr\/wp-content\/uploads\/2023\/09\/cercle-escrime-tulle-inscription1-1-1448x2048.jpg 1448w, https:\/\/cercledescrimetulle.fr\/wp-content\/uploads\/2023\/09\/cercle-escrime-tulle-inscription1-1-scaled.jpg 1810w\" sizes=\"auto, (max-width: 724px) 100vw, 724px\" \/><\/figure>\n\n\n\n<figure class=\"wp-block-image size-large\"><img loading=\"lazy\" decoding=\"async\" width=\"724\" height=\"1024\" data-id=\"50\" src=\"https:\/\/cercledescrimetulle.fr\/wp-content\/uploads\/2023\/09\/cercle-escrime-tulle-inscription2-1-724x1024.jpg\" alt=\"\" class=\"wp-image-50\" srcset=\"https:\/\/cercledescrimetulle.fr\/wp-content\/uploads\/2023\/09\/cercle-escrime-tulle-inscription2-1-724x1024.jpg 724w, https:\/\/cercledescrimetulle.fr\/wp-content\/uploads\/2023\/09\/cercle-escrime-tulle-inscription2-1-212x300.jpg 212w, https:\/\/cercledescrimetulle.fr\/wp-content\/uploads\/2023\/09\/cercle-escrime-tulle-inscription2-1-768x1086.jpg 768w, https:\/\/cercledescrimetulle.fr\/wp-content\/uploads\/2023\/09\/cercle-escrime-tulle-inscription2-1-1086x1536.jpg 1086w, https:\/\/cercledescrimetulle.fr\/wp-content\/uploads\/2023\/09\/cercle-escrime-tulle-inscription2-1-1448x2048.jpg 1448w, https:\/\/cercledescrimetulle.fr\/wp-content\/uploads\/2023\/09\/cercle-escrime-tulle-inscription2-1-scaled.jpg 1810w\" sizes=\"auto, (max-width: 724px) 100vw, 724px\" \/><\/figure>\n<\/figure>\n\n\n\n<h2 class=\"wp-block-heading\">Questionnaire sant\u00e9 (pour les mineurs)<\/h2>\n\n\n\n<figure class=\"wp-block-gallery has-nested-images columns-default is-cropped wp-block-gallery-2 is-layout-flex wp-block-gallery-is-layout-flex\">\n<figure class=\"wp-block-image size-large\"><img loading=\"lazy\" decoding=\"async\" width=\"724\" height=\"1024\" data-id=\"47\" src=\"https:\/\/cercledescrimetulle.fr\/wp-content\/uploads\/2023\/09\/cercle-escrime-tulle-questionnaire-sante-mineur1-724x1024.jpg\" alt=\"\" class=\"wp-image-47\" srcset=\"https:\/\/cercledescrimetulle.fr\/wp-content\/uploads\/2023\/09\/cercle-escrime-tulle-questionnaire-sante-mineur1-724x1024.jpg 724w, https:\/\/cercledescrimetulle.fr\/wp-content\/uploads\/2023\/09\/cercle-escrime-tulle-questionnaire-sante-mineur1-212x300.jpg 212w, https:\/\/cercledescrimetulle.fr\/wp-content\/uploads\/2023\/09\/cercle-escrime-tulle-questionnaire-sante-mineur1-768x1086.jpg 768w, https:\/\/cercledescrimetulle.fr\/wp-content\/uploads\/2023\/09\/cercle-escrime-tulle-questionnaire-sante-mineur1-1086x1536.jpg 1086w, https:\/\/cercledescrimetulle.fr\/wp-content\/uploads\/2023\/09\/cercle-escrime-tulle-questionnaire-sante-mineur1-1448x2048.jpg 1448w, https:\/\/cercledescrimetulle.fr\/wp-content\/uploads\/2023\/09\/cercle-escrime-tulle-questionnaire-sante-mineur1-scaled.jpg 1811w\" sizes=\"auto, (max-width: 724px) 100vw, 724px\" \/><\/figure>\n\n\n\n<figure class=\"wp-block-image size-large\"><img loading=\"lazy\" decoding=\"async\" width=\"724\" height=\"1024\" data-id=\"48\" src=\"https:\/\/cercledescrimetulle.fr\/wp-content\/uploads\/2023\/09\/cercle-escrime-tulle-questionnaire-sante-mineur2-724x1024.jpg\" alt=\"\" class=\"wp-image-48\" srcset=\"https:\/\/cercledescrimetulle.fr\/wp-content\/uploads\/2023\/09\/cercle-escrime-tulle-questionnaire-sante-mineur2-724x1024.jpg 724w, https:\/\/cercledescrimetulle.fr\/wp-content\/uploads\/2023\/09\/cercle-escrime-tulle-questionnaire-sante-mineur2-212x300.jpg 212w, https:\/\/cercledescrimetulle.fr\/wp-content\/uploads\/2023\/09\/cercle-escrime-tulle-questionnaire-sante-mineur2-768x1086.jpg 768w, https:\/\/cercledescrimetulle.fr\/wp-content\/uploads\/2023\/09\/cercle-escrime-tulle-questionnaire-sante-mineur2-1086x1536.jpg 1086w, https:\/\/cercledescrimetulle.fr\/wp-content\/uploads\/2023\/09\/cercle-escrime-tulle-questionnaire-sante-mineur2-1448x2048.jpg 1448w, https:\/\/cercledescrimetulle.fr\/wp-content\/uploads\/2023\/09\/cercle-escrime-tulle-questionnaire-sante-mineur2-scaled.jpg 1811w\" sizes=\"auto, (max-width: 724px) 100vw, 724px\" \/><\/figure>\n<\/figure>\n","protected":false},"excerpt":{"rendered":"<p>\u00c0 Tulle, les jeunes peuvent apprendre le sabre et les adultes peuvent pratiquer l&rsquo;\u00e9p\u00e9e. FICHE D&rsquo;INSCRIPTION Questionnaire sant\u00e9 (pour les mineurs)<\/p>\n","protected":false},"author":2,"featured_media":0,"parent":0,"menu_order":0,"comment_status":"closed","ping_status":"closed","template":"","meta":{"footnotes":""},"class_list":["post-12","page","type-page","status-publish","hentry"],"_links":{"self":[{"href":"https:\/\/cercledescrimetulle.fr\/index.php\/wp-json\/wp\/v2\/pages\/12","targetHints":{"allow":["GET"]}}],"collection":[{"href":"https:\/\/cercledescrimetulle.fr\/index.php\/wp-json\/wp\/v2\/pages"}],"about":[{"href":"https:\/\/cercledescrimetulle.fr\/index.php\/wp-json\/wp\/v2\/types\/page"}],"author":[{"embeddable":true,"href":"https:\/\/cercledescrimetulle.fr\/index.php\/wp-json\/wp\/v2\/users\/2"}],"replies":[{"embeddable":true,"href":"https:\/\/cercledescrimetulle.fr\/index.php\/wp-json\/wp\/v2\/comments?post=12"}],"version-history":[{"count":5,"href":"https:\/\/cercledescrimetulle.fr\/index.php\/wp-json\/wp\/v2\/pages\/12\/revisions"}],"predecessor-version":[{"id":51,"href":"https:\/\/cercledescrimetulle.fr\/index.php\/wp-json\/wp\/v2\/pages\/12\/revisions\/51"}],"wp:attachment":[{"href":"https:\/\/cercledescrimetulle.fr\/index.php\/wp-json\/wp\/v2\/media?parent=12"}],"curies":[{"name":"wp","href":"https:\/\/api.w.org\/{rel}","templated":true}]}}